{"id":2,"date":"2016-05-10T03:48:21","date_gmt":"2016-05-10T03:48:21","guid":{"rendered":"http:\/\/dakone.de\/?page_id=2"},"modified":"2020-01-19T23:50:36","modified_gmt":"2020-01-19T22:50:36","slug":"sample-page","status":"publish","type":"page","link":"https:\/\/www.dakone.de\/","title":{"rendered":"Herzlich willkommen"},"content":{"rendered":"<p>Suchen Sie nach IT-L\u00f6sungen f\u00fcr Ihr Unternehmen? Wir bieten Ihnen ein komplettes Dienstleistungsangebot rund um die betriebliche elektronische Datenverarbeitung.<\/p>\n<p>Ein Team kompetenter und motivierter Mitarbeiterinnen und Mitarbeiter nimmt sich ihrer spezifischen Problemstellungen an. Neben technischen Aspekten ber\u00fccksichtigen wir nat\u00fcrlich auch die organisatorischen Rahmenbedingungen in Ihrem Unternehmen.<\/p>\n<p>F\u00fcr individuelle Probleme erstellen wir individuelle L\u00f6sungen!<\/p>\n<p>Unser Angebot erstreckt sich von der herstellerunabh\u00e4ngigen Beratung zu Hard- und Softwarekomponenten \u00fcber die konkrete Planung und Realisierung des betrieblichen Informationswesens. Verkauf, Installation, Wartung und Betreuung von Hard- und Software sowie die Schulung der Mitarbeiterinnen und Mitarbeiter runden unser Dienstleistungsspektrum ab.<\/p>\n<p>Nehmen Sie mit uns Kontakt auf! Wir erstellen Ihnen gerne ein individuelles Angebot.<\/p>\n<p>Vorab k\u00f6nnen Sie sich auf unseren Seiten zu unserem Unternehmen und Serviceangebot informieren.<\/p>\n","protected":false},"excerpt":{"rendered":"<p>Suchen Sie nach IT-L\u00f6sungen f\u00fcr Ihr Unternehmen? Wir bieten Ihnen ein komplettes Dienstleistungsangebot rund um die betriebliche elektronische Datenverarbeitung. Ein Team kompetenter und motivierter Mitarbeiterinnen und Mitarbeiter nimmt sich ihrer spezifischen Problemstellungen an. Neben technischen Aspekten ber\u00fccksichtigen wir nat\u00fcrlich auch die organisatorischen Rahmenbedingungen in Ihrem Unternehmen. F\u00fcr individuelle Probleme erstellen wir individuelle L\u00f6sungen! Unser Angebot &hellip; <\/p>\n<p class=\"link-more\"><a href=\"https:\/\/www.dakone.de\/\" class=\"more-link\"><span class=\"screen-reader-text\">\u201eHerzlich willkommen\u201c<\/span> weiterlesen<\/a><\/p>\n","protected":false},"author":1,"featured_media":0,"parent":0,"menu_order":0,"comment_status":"closed","ping_status":"open","template":"","meta":[],"_links":{"self":[{"href":"https:\/\/www.dakone.de\/index.php?rest_route=\/wp\/v2\/pages\/2"}],"collection":[{"href":"https:\/\/www.dakone.de\/index.php?rest_route=\/wp\/v2\/pages"}],"about":[{"href":"https:\/\/www.dakone.de\/index.php?rest_route=\/wp\/v2\/types\/page"}],"author":[{"embeddable":true,"href":"https:\/\/www.dakone.de\/index.php?rest_route=\/wp\/v2\/users\/1"}],"replies":[{"embeddable":true,"href":"https:\/\/www.dakone.de\/index.php?rest_route=%2Fwp%2Fv2%2Fcomments&post=2"}],"version-history":[{"count":2,"href":"https:\/\/www.dakone.de\/index.php?rest_route=\/wp\/v2\/pages\/2\/revisions"}],"predecessor-version":[{"id":87,"href":"https:\/\/www.dakone.de\/index.php?rest_route=\/wp\/v2\/pages\/2\/revisions\/87"}],"wp:attachment":[{"href":"https:\/\/www.dakone.de\/index.php?rest_route=%2Fwp%2Fv2%2Fmedia&parent=2"}],"curies":[{"name":"wp","href":"https:\/\/api.w.org\/{rel}","templated":true}]}}